{"id":456,"date":"2012-03-24T18:05:20","date_gmt":"2012-03-24T17:05:20","guid":{"rendered":"http:\/\/pfrommer-web.de\/?page_id=456"},"modified":"2012-03-24T18:10:34","modified_gmt":"2012-03-24T17:10:34","slug":"eroffnungszeremonie-der-buddhistischen-klosterschule-nahe-pokhara","status":"publish","type":"page","link":"http:\/\/pfrommer-web.de\/?page_id=456","title":{"rendered":"Er\u00f6ffnungszeremonie der buddhistischen Klosterschule nahe Pokhara"},"content":{"rendered":"<p>Wir freuten uns sehr \u00fcber die Einladung der Klosterschule Pal Ewam Namgyal, in welcher wir die letzten 4 Wochen t\u00e4tig sein werden. Der zweite Dalai Lama Sakya Trizin mit seinem Gefolge war als besonderer Gast geladen. Dies war ein besonderes Ereignis, weswegen die M\u00f6nche sich seit Monaten darauf vorbereitet hatten. Viele G\u00e4ste aus Tibet und China waren anwesend, um \u201eseine Heiligkeit\u201c zu sehen, zu begr\u00fc\u00dfen und zu beschenken.<br \/>\nViele junge M\u00f6nche waren erst seit Kurzem aus Mustang nach der Winterpause in Pokhara eingetroffen. Im Kloster k\u00f6nnen die Jungm\u00f6nche (meist ab 4. Lebensjahr) eine schulische sowie buddhistische Ausbildung erhalten.<\/p>\n<p>Meist haben die Klosterbewohner mit allerlei Ungeziefer zu k\u00e4mpfen. Pilz-, Laus-, und Flohbefall sowie Wurmerkrankungen sind die Regel, da in dem sehr armen Mustang, welches auf ca. 3500 m. H\u00f6he liegt, die hygienischen Bedingungen dies zum Normalzustand machen. Die Medikamente dagegen wurden erst k\u00fcrzlich \u00fcber eine amerikanische Hilfsorganisation gespendet und konnten vor Ort verabreicht werden. Es m\u00fcssten die kompletten Bettenlager der M\u00f6nche erneuert und das Bettzeug regelm\u00e4\u00dfig gewaschen werden, was bislang sicherlich noch nicht im Bewusstsein der Leute existent ist. Sie leben ja schon immer mit diesem Ungeziefer. Es wird auch Teil unserer Arbeit dort sein, hier ein Umdenken zu schaffen.<\/p>\n<p>Doch nun zu den eindr\u00fccklichen Bildern vom Fest Die T\u00e4nze mit den Masken zeigen den Kampf zwischen \u201eGut und B\u00f6se\u201c in uns. Wir sind dauerhaft aufgefordert, gegen das \u201eB\u00f6se und Unvollkommene\u201c in uns zu k\u00e4mpfen. Diese Inhalte sind tief im buddhistischen Glauben verankert.<\/p>\n<p>Der Innenhof des Klosters wurde festlich geschm\u00fcckt.<\/p>\n<figure id=\"attachment_457\" aria-describedby=\"caption-attachment-457\" style=\"width: 420px\" class=\"wp-caption aligncenter\"><a href=\"http:\/\/pfrommer-web.de\/wp-content\/uploads\/b09_01_Klosterinnenhof.jpg\" data-rel=\"lightbox-image-0\" data-rl_title=\"\" data-rl_caption=\"\"><img loading=\"lazy\" decoding=\"async\" class=\"size-full wp-image-457\" title=\"\" src=\"http:\/\/pfrommer-web.de\/wp-content\/uploads\/b09_01_Klosterinnenhof.jpg\" alt=\"Innenhof des Klosters\" width=\"430\" height=\"323\" srcset=\"http:\/\/pfrommer-web.de\/wp-content\/uploads\/b09_01_Klosterinnenhof.jpg 430w, http:\/\/pfrommer-web.de\/wp-content\/uploads\/b09_01_Klosterinnenhof-300x225.jpg 300w\" sizes=\"auto, (max-width: 430px) 100vw, 430px\" \/><\/a><figcaption id=\"caption-attachment-457\" class=\"wp-caption-text\">Innenhof des Klosters<\/figcaption><\/figure>\n<p>Auf der Trib\u00fcne hat \u201eseine Heiligkeit\u201c samt Familie Platz eingenommen.<\/p>\n<figure id=\"attachment_458\" aria-describedby=\"caption-attachment-458\" style=\"width: 440px\" class=\"wp-caption aligncenter\"><a href=\"http:\/\/pfrommer-web.de\/wp-content\/uploads\/b09_02_Tribuene-mit-seiner-Heiligkeit.jpg\" data-rel=\"lightbox-image-1\" data-rl_title=\"\" data-rl_caption=\"\"><img loading=\"lazy\" decoding=\"async\" class=\"size-full wp-image-458\" title=\"\" src=\"http:\/\/pfrommer-web.de\/wp-content\/uploads\/b09_02_Tribuene-mit-seiner-Heiligkeit.jpg\" alt=\"Trib\u00fcne mit &quot;seiner Heiligkeit&quot;\" width=\"450\" height=\"337\" srcset=\"http:\/\/pfrommer-web.de\/wp-content\/uploads\/b09_02_Tribuene-mit-seiner-Heiligkeit.jpg 450w, http:\/\/pfrommer-web.de\/wp-content\/uploads\/b09_02_Tribuene-mit-seiner-Heiligkeit-300x224.jpg 300w\" sizes=\"auto, (max-width: 450px) 100vw, 450px\" \/><\/a><figcaption id=\"caption-attachment-458\" class=\"wp-caption-text\">Trib\u00fcne mit &quot;seiner Heiligkeit&quot;<\/figcaption><\/figure>\n<p>Hier \u00fcberreichen die vielen meist aus Tibet und China eingetroffenen G\u00e4ste Geschenke an den Dalai Lama II.<\/p>\n<figure id=\"attachment_459\" aria-describedby=\"caption-attachment-459\" style=\"width: 420px\" class=\"wp-caption aligncenter\"><a href=\"http:\/\/pfrommer-web.de\/wp-content\/uploads\/b09_03_Geschenkuebergabe-an-Dalai-Lama-II.jpg\" data-rel=\"lightbox-image-2\" data-rl_title=\"\" data-rl_caption=\"\"><img loading=\"lazy\" decoding=\"async\" class=\"size-full wp-image-459\" title=\"\" src=\"http:\/\/pfrommer-web.de\/wp-content\/uploads\/b09_03_Geschenkuebergabe-an-Dalai-Lama-II.jpg\" alt=\"Geschenk\u00fcbergabe an den Dalai Lama II\" width=\"430\" height=\"323\" srcset=\"http:\/\/pfrommer-web.de\/wp-content\/uploads\/b09_03_Geschenkuebergabe-an-Dalai-Lama-II.jpg 430w, http:\/\/pfrommer-web.de\/wp-content\/uploads\/b09_03_Geschenkuebergabe-an-Dalai-Lama-II-300x225.jpg 300w\" sizes=\"auto, (max-width: 430px) 100vw, 430px\" \/><\/a><figcaption id=\"caption-attachment-459\" class=\"wp-caption-text\">Geschenk\u00fcbergabe an den Dalai Lama II<\/figcaption><\/figure>\n<p>In tiefer Verehrung und Hochachtung begegnen die G\u00e4ste dem Ehrengast.<\/p>\n<figure id=\"attachment_460\" aria-describedby=\"caption-attachment-460\" style=\"width: 420px\" class=\"wp-caption aligncenter\"><a href=\"http:\/\/pfrommer-web.de\/wp-content\/uploads\/b09_04_Verehrung-fuer-Ehrengast.jpg\" data-rel=\"lightbox-image-3\" data-rl_title=\"\" data-rl_caption=\"\"><img loading=\"lazy\" decoding=\"async\" class=\"size-full wp-image-460\" title=\"\" src=\"http:\/\/pfrommer-web.de\/wp-content\/uploads\/b09_04_Verehrung-fuer-Ehrengast.jpg\" alt=\"Verehrung und Hochachtung f\u00fcr den Ehrengast\" width=\"430\" height=\"323\" srcset=\"http:\/\/pfrommer-web.de\/wp-content\/uploads\/b09_04_Verehrung-fuer-Ehrengast.jpg 430w, http:\/\/pfrommer-web.de\/wp-content\/uploads\/b09_04_Verehrung-fuer-Ehrengast-300x225.jpg 300w\" sizes=\"auto, (max-width: 430px) 100vw, 430px\" \/><\/a><figcaption id=\"caption-attachment-460\" class=\"wp-caption-text\">Verehrung und Hochachtung f\u00fcr den Ehrengast<\/figcaption><\/figure>\n<p>Fremdartig meditative Kl\u00e4nge und Instrumente begleiten die T\u00e4nzer. Auch bei diesem Fest wurden unz\u00e4hlige Reden u.a. von \u201eIhrer Heiligkeit\u201c gehalten. Im Gegensatz zu den nepalischen Festen verstanden wir hier jedoch das Meiste, da sie \u00fcberwiegend in Englisch gehalten wurden.<\/p>\n<figure id=\"attachment_461\" aria-describedby=\"caption-attachment-461\" style=\"width: 528px\" class=\"wp-caption aligncenter\"><a href=\"http:\/\/pfrommer-web.de\/wp-content\/uploads\/b09_05_fremdartiges-orchester.jpg\" data-rel=\"lightbox-image-4\" data-rl_title=\"\" data-rl_caption=\"\"><img loading=\"lazy\" decoding=\"async\" class=\"size-full wp-image-461\" title=\"\" src=\"http:\/\/pfrommer-web.de\/wp-content\/uploads\/b09_05_fremdartiges-orchester.jpg\" alt=\"Fremdartiges Orchester\" width=\"538\" height=\"276\" srcset=\"http:\/\/pfrommer-web.de\/wp-content\/uploads\/b09_05_fremdartiges-orchester.jpg 538w, http:\/\/pfrommer-web.de\/wp-content\/uploads\/b09_05_fremdartiges-orchester-300x153.jpg 300w\" sizes=\"auto, (max-width: 538px) 100vw, 538px\" \/><\/a><figcaption id=\"caption-attachment-461\" class=\"wp-caption-text\">Fremdartiges Orchester<\/figcaption><\/figure>\n<p>Die rhythmischen Bewegungen der T\u00e4nzer waren beeindruckend.<\/p>\n<figure id=\"attachment_462\" aria-describedby=\"caption-attachment-462\" style=\"width: 342px\" class=\"wp-caption aligncenter\"><a href=\"http:\/\/pfrommer-web.de\/wp-content\/uploads\/b09_06_Taenzer.jpg\" data-rel=\"lightbox-image-5\" data-rl_title=\"\" data-rl_caption=\"\"><img loading=\"lazy\" decoding=\"async\" class=\"size-full wp-image-462\" title=\"\" src=\"http:\/\/pfrommer-web.de\/wp-content\/uploads\/b09_06_Taenzer.jpg\" alt=\"Rhythmischen T\u00e4nzer\" width=\"352\" height=\"394\" srcset=\"http:\/\/pfrommer-web.de\/wp-content\/uploads\/b09_06_Taenzer.jpg 352w, http:\/\/pfrommer-web.de\/wp-content\/uploads\/b09_06_Taenzer-268x300.jpg 268w\" sizes=\"auto, (max-width: 352px) 100vw, 352px\" \/><\/a><figcaption id=\"caption-attachment-462\" class=\"wp-caption-text\">Rhythmischen T\u00e4nzer<\/figcaption><\/figure>\n<p>Die hoch und monoton gesungenen Lieder, das fremdartige Gitarrenspiel sowie die Schrittabfolgen der T\u00e4nzer und S\u00e4nger waren au\u00dfergew\u00f6hnlich. Vergeblich habe ich versucht, die Schrittabfolgen nachzuahmen (\u00f6sterreichische Herkunft gibt das halt nicht her :-) ).<\/p>\n<figure id=\"attachment_464\" aria-describedby=\"caption-attachment-464\" style=\"width: 440px\" class=\"wp-caption aligncenter\"><a href=\"http:\/\/pfrommer-web.de\/wp-content\/uploads\/b09_08_Umgebung.jpg\" data-rel=\"lightbox-image-6\" data-rl_title=\"\" data-rl_caption=\"\"><img loading=\"lazy\" decoding=\"async\" class=\"size-full wp-image-464\" title=\"\" src=\"http:\/\/pfrommer-web.de\/wp-content\/uploads\/b09_08_Umgebung.jpg\" alt=\"Bergwelt rund um Pokhara\" width=\"450\" height=\"337\" srcset=\"http:\/\/pfrommer-web.de\/wp-content\/uploads\/b09_08_Umgebung.jpg 450w, http:\/\/pfrommer-web.de\/wp-content\/uploads\/b09_08_Umgebung-300x224.jpg 300w\" sizes=\"auto, (max-width: 450px) 100vw, 450px\" \/><\/a><figcaption id=\"caption-attachment-464\" class=\"wp-caption-text\">Bergwelt rund um Pokhara<\/figcaption><\/figure>\n<p>Sehr sch\u00f6n hier zu sehen ist die Bergwelt rund um Pokhara. W\u00e4hrend der Veranstaltung waren bis zu 10 Greifv\u00f6gel zugegen und kreisten majest\u00e4tisch hoch \u00fcber den Festplatz. Fast hatten wir den Eindruck, als h\u00e4tten die meditativen Kl\u00e4nge die Wildv\u00f6gel angelockt .<\/p>\n<figure id=\"attachment_465\" aria-describedby=\"caption-attachment-465\" style=\"width: 385px\" class=\"wp-caption aligncenter\"><a href=\"http:\/\/pfrommer-web.de\/wp-content\/uploads\/b09_09_Tibetische-Besucher-in-dicker-Kleidung.jpg\" data-rel=\"lightbox-image-7\" data-rl_title=\"\" data-rl_caption=\"\"><img loading=\"lazy\" decoding=\"async\" class=\"size-full wp-image-465 \" title=\"\" src=\"http:\/\/pfrommer-web.de\/wp-content\/uploads\/b09_09_Tibetische-Besucher-in-dicker-Kleidung.jpg\" alt=\"Tibetische Besucher\" width=\"395\" height=\"367\" srcset=\"http:\/\/pfrommer-web.de\/wp-content\/uploads\/b09_09_Tibetische-Besucher-in-dicker-Kleidung.jpg 395w, http:\/\/pfrommer-web.de\/wp-content\/uploads\/b09_09_Tibetische-Besucher-in-dicker-Kleidung-300x278.jpg 300w\" sizes=\"auto, (max-width: 395px) 100vw, 395px\" \/><\/a><figcaption id=\"caption-attachment-465\" class=\"wp-caption-text\">Tibetische Besucher<\/figcaption><\/figure>\n<p>Viele tibetische G\u00e4ste waren in dicken Wanderstiefeln und warmen Jacken, M\u00fctzen sowie Decken (meist von den Frauen als Umhang genutzt) aus dem hohen Mustang erschienen. Bei den Temperaturen hatten wir Europ\u00e4er bereits in leichter Sommerkleidung mit dauerhaften Hitzewallungen zu k\u00e4mpfen.<\/p>\n<p>Gespannt verfolgte auch \u201eseine Heiligkeit\u201c die dargebotenen T\u00e4nze.<\/p>\n<figure id=\"attachment_466\" aria-describedby=\"caption-attachment-466\" style=\"width: 430px\" class=\"wp-caption aligncenter\"><a href=\"http:\/\/pfrommer-web.de\/wp-content\/uploads\/b09_10_Taenzer.jpg\" data-rel=\"lightbox-image-8\" data-rl_title=\"\" data-rl_caption=\"\"><img loading=\"lazy\" decoding=\"async\" class=\"size-full wp-image-466\" title=\"\" src=\"http:\/\/pfrommer-web.de\/wp-content\/uploads\/b09_10_Taenzer.jpg\" alt=\"T\u00e4nzer\" width=\"440\" height=\"325\" srcset=\"http:\/\/pfrommer-web.de\/wp-content\/uploads\/b09_10_Taenzer.jpg 440w, http:\/\/pfrommer-web.de\/wp-content\/uploads\/b09_10_Taenzer-300x221.jpg 300w\" sizes=\"auto, (max-width: 440px) 100vw, 440px\" \/><\/a><figcaption id=\"caption-attachment-466\" class=\"wp-caption-text\">T\u00e4nzer<\/figcaption><\/figure>\n<p>Die mehrfachen Soloeinlagen dieser beiden Musiker waren einfach Klasse. Unsere Ohren gaben sich bereitwillig den wohlwollenden Kl\u00e4ngen hin und versetzten uns in meditative Stimmung.<\/p>\n<figure id=\"attachment_468\" aria-describedby=\"caption-attachment-468\" style=\"width: 370px\" class=\"wp-caption aligncenter\"><a href=\"http:\/\/pfrommer-web.de\/wp-content\/uploads\/b09_12_Maskentanz.jpg\" data-rel=\"lightbox-image-9\" data-rl_title=\"\" data-rl_caption=\"\"><img loading=\"lazy\" decoding=\"async\" class=\"size-full wp-image-468\" title=\"\" src=\"http:\/\/pfrommer-web.de\/wp-content\/uploads\/b09_12_Maskentanz.jpg\" alt=\"Maskentanz\" width=\"380\" height=\"367\" srcset=\"http:\/\/pfrommer-web.de\/wp-content\/uploads\/b09_12_Maskentanz.jpg 380w, http:\/\/pfrommer-web.de\/wp-content\/uploads\/b09_12_Maskentanz-300x289.jpg 300w\" sizes=\"auto, (max-width: 380px) 100vw, 380px\" \/><\/a><figcaption id=\"caption-attachment-468\" class=\"wp-caption-text\">Maskentanz<\/figcaption><\/figure>\n<p>\u201eGrauslige\u201c Masken stellen hier das B\u00f6se dar welches mit Schwertern bek\u00e4mpft und vertrieben werden soll. Bewundernswert waren bei dieser schweren Bekleidung die behenden Bewegungen der T\u00e4nzer.<\/p>\n<p><a href=\"http:\/\/pfrommer-web.de\/wp-content\/uploads\/b09_13_Brigitte-und-Herbert.jpg\" data-rel=\"lightbox-image-10\" data-rl_title=\"\" data-rl_caption=\"\"><img loading=\"lazy\" decoding=\"async\" class=\"aligncenter size-full wp-image-469\" title=\"\" src=\"http:\/\/pfrommer-web.de\/wp-content\/uploads\/b09_13_Brigitte-und-Herbert.jpg\" alt=\"\" width=\"330\" height=\"440\" srcset=\"http:\/\/pfrommer-web.de\/wp-content\/uploads\/b09_13_Brigitte-und-Herbert.jpg 330w, http:\/\/pfrommer-web.de\/wp-content\/uploads\/b09_13_Brigitte-und-Herbert-224x300.jpg 224w\" sizes=\"auto, (max-width: 330px) 100vw, 330px\" \/><\/a>Das war\u2019s f\u00fcr heute. Liebe Gr\u00fc\u00dfe an all die zu hause gebliebenen,<\/p>\n<p>Brigitte und Herbert<\/p>\n","protected":false},"excerpt":{"rendered":"<p>Wir freuten uns sehr \u00fcber die Einladung der Klosterschule Pal Ewam Namgyal, in welcher wir die letzten 4 Wochen t\u00e4tig sein werden. Der zweite Dalai Lama Sakya Trizin mit seinem Gefolge war als besonderer Gast geladen. Dies war ein besonderes Ereignis, weswegen die M\u00f6nche sich seit Monaten darauf vorbereitet hatten. Viele G\u00e4ste aus Tibet und &#8230; <a title=\"Er\u00f6ffnungszeremonie der buddhistischen Klosterschule nahe Pokhara\" class=\"read-more\" href=\"http:\/\/pfrommer-web.de\/?page_id=456\" aria-label=\"Mehr Informationen \u00fcber Er\u00f6ffnungszeremonie der buddhistischen Klosterschule nahe Pokhara\">Weiterlesen<\/a><\/p>\n","protected":false},"author":1,"featured_media":0,"parent":312,"menu_order":9,"comment_status":"open","ping_status":"closed","template":"","meta":{"footnotes":""},"class_list":["post-456","page","type-page","status-publish"],"_links":{"self":[{"href":"http:\/\/pfrommer-web.de\/index.php?rest_route=\/wp\/v2\/pages\/456","targetHints":{"allow":["GET"]}}],"collection":[{"href":"http:\/\/pfrommer-web.de\/index.php?rest_route=\/wp\/v2\/pages"}],"about":[{"href":"http:\/\/pfrommer-web.de\/index.php?rest_route=\/wp\/v2\/types\/page"}],"author":[{"embeddable":true,"href":"http:\/\/pfrommer-web.de\/index.php?rest_route=\/wp\/v2\/users\/1"}],"replies":[{"embeddable":true,"href":"http:\/\/pfrommer-web.de\/index.php?rest_route=%2Fwp%2Fv2%2Fcomments&post=456"}],"version-history":[{"count":2,"href":"http:\/\/pfrommer-web.de\/index.php?rest_route=\/wp\/v2\/pages\/456\/revisions"}],"predecessor-version":[{"id":481,"href":"http:\/\/pfrommer-web.de\/index.php?rest_route=\/wp\/v2\/pages\/456\/revisions\/481"}],"up":[{"embeddable":true,"href":"http:\/\/pfrommer-web.de\/index.php?rest_route=\/wp\/v2\/pages\/312"}],"wp:attachment":[{"href":"http:\/\/pfrommer-web.de\/index.php?rest_route=%2Fwp%2Fv2%2Fmedia&parent=456"}],"curies":[{"name":"wp","href":"https:\/\/api.w.org\/{rel}","templated":true}]}}